{"id":4353,"date":"2018-12-11T20:26:05","date_gmt":"2018-12-11T18:26:05","guid":{"rendered":"http:\/\/www.lustipidu.ee\/?page_id=4353"},"modified":"2023-01-27T10:32:17","modified_gmt":"2023-01-27T08:32:17","slug":"kontakt","status":"publish","type":"page","link":"https:\/\/www.lustipidu.ee\/?page_id=4353","title":{"rendered":"Kontakt"},"content":{"rendered":"\r\n<p>Hinnap\u00e4ringud: lustipidu@gmail.com<\/p>\r\n<p>&nbsp;<\/p>\r\n<p>Ojakask O\u00dc<\/p>\r\n\r\n\r\n\r\n<p>Aadress: K\u00f5renduse k\u00fcla, Tartu vald, Tartumaa 49111<\/p>\r\n\r\n\r\n\r\n<p>Telefon: +372 56722278<\/p>\r\n\r\n\r\n\r\n<p>Reg. kood: 14470778<\/p>\r\n<p>&nbsp;<\/p>\r\n<p>&nbsp;<\/p>\r\n\r\n\r\n\r\n<p>&nbsp;<\/p>\r\n\r\n\r\n\r\n<p>&nbsp;<\/p>\r\n","protected":false},"excerpt":{"rendered":"<p>Hinnap\u00e4ringud: lustipidu@gmail.com &nbsp; Ojakask O\u00dc Aadress: K\u00f5renduse k\u00fcla, Tartu vald, Tartumaa 49111 Telefon: +372 56722278 Reg. kood: 14470778 &nbsp; &nbsp; &nbsp; &nbsp;<\/p>\n","protected":false},"author":1,"featured_media":0,"parent":0,"menu_order":0,"comment_status":"closed","ping_status":"closed","template":"","meta":{"footnotes":""},"class_list":["post-4353","page","type-page","status-publish","hentry"],"_links":{"self":[{"href":"https:\/\/www.lustipidu.ee\/index.php?rest_route=\/wp\/v2\/pages\/4353","targetHints":{"allow":["GET"]}}],"collection":[{"href":"https:\/\/www.lustipidu.ee\/index.php?rest_route=\/wp\/v2\/pages"}],"about":[{"href":"https:\/\/www.lustipidu.ee\/index.php?rest_route=\/wp\/v2\/types\/page"}],"author":[{"embeddable":true,"href":"https:\/\/www.lustipidu.ee\/index.php?rest_route=\/wp\/v2\/users\/1"}],"replies":[{"embeddable":true,"href":"https:\/\/www.lustipidu.ee\/index.php?rest_route=%2Fwp%2Fv2%2Fcomments&post=4353"}],"version-history":[{"count":3,"href":"https:\/\/www.lustipidu.ee\/index.php?rest_route=\/wp\/v2\/pages\/4353\/revisions"}],"predecessor-version":[{"id":4484,"href":"https:\/\/www.lustipidu.ee\/index.php?rest_route=\/wp\/v2\/pages\/4353\/revisions\/4484"}],"wp:attachment":[{"href":"https:\/\/www.lustipidu.ee\/index.php?rest_route=%2Fwp%2Fv2%2Fmedia&parent=4353"}],"curies":[{"name":"wp","href":"https:\/\/api.w.org\/{rel}","templated":true}]}}