{"id":26,"date":"2018-12-07T16:23:30","date_gmt":"2018-12-07T14:23:30","guid":{"rendered":"http:\/\/www.lustipidu.ee\/?page_id=26"},"modified":"2019-10-23T19:08:21","modified_gmt":"2019-10-23T16:08:21","slug":"teine-naidisleht","status":"publish","type":"page","link":"https:\/\/www.lustipidu.ee\/","title":{"rendered":""},"content":{"rendered":"\n<p style=\"text-align:center\" class=\"has-medium-font-size\">Teil on plaanis pidutseda aga ei tea kuidas, kus ja mida seal teha.&nbsp;Teil on m\u00f5te kuid ei tea lahendust, meie teeme teile peo mida te ei unusta!<\/p>\n\n\n\n<p style=\"text-align:center\" class=\"has-medium-font-size\">Meie viime selle ellu!<\/p>\n\n\n\n<p style=\"text-align:center\" class=\"has-medium-font-size\"> Mida suurem v\u00e4ljakutse see on seda p\u00f5nevam ettev\u00f5tmine on see meile. Kui sa vajad \u00f5htujuhti, DJ-d, toitlustamist, b\u00e4ndi, baari v\u00f5i sauna, siis just meie olemegi sinu jaoks.<\/p>\n\n\n\n<p style=\"text-align:center\" class=\"has-medium-font-size\"> V\u00f5ta meiega \u00fchendust ja meie teeme sinu peost parima peo- lustipeo!<\/p>\n","protected":false},"excerpt":{"rendered":"<p>Teil on plaanis pidutseda aga ei tea kuidas, kus ja mida seal teha.&nbsp;Teil on m\u00f5te kuid ei tea lahendust, meie teeme teile peo mida te ei unusta! Meie viime selle ellu! Mida suurem v\u00e4ljakutse see on seda p\u00f5nevam ettev\u00f5tmine on see meile. Kui sa vajad \u00f5htujuhti, DJ-d, toitlustamist, b\u00e4ndi, baari v\u00f5i sauna, siis just meie&#8230;<\/p>\n","protected":false},"author":1,"featured_media":0,"parent":0,"menu_order":0,"comment_status":"closed","ping_status":"closed","template":"","meta":{"footnotes":""},"class_list":["post-26","page","type-page","status-publish","hentry"],"_links":{"self":[{"href":"https:\/\/www.lustipidu.ee\/index.php?rest_route=\/wp\/v2\/pages\/26","targetHints":{"allow":["GET"]}}],"collection":[{"href":"https:\/\/www.lustipidu.ee\/index.php?rest_route=\/wp\/v2\/pages"}],"about":[{"href":"https:\/\/www.lustipidu.ee\/index.php?rest_route=\/wp\/v2\/types\/page"}],"author":[{"embeddable":true,"href":"https:\/\/www.lustipidu.ee\/index.php?rest_route=\/wp\/v2\/users\/1"}],"replies":[{"embeddable":true,"href":"https:\/\/www.lustipidu.ee\/index.php?rest_route=%2Fwp%2Fv2%2Fcomments&post=26"}],"version-history":[{"count":5,"href":"https:\/\/www.lustipidu.ee\/index.php?rest_route=\/wp\/v2\/pages\/26\/revisions"}],"predecessor-version":[{"id":4472,"href":"https:\/\/www.lustipidu.ee\/index.php?rest_route=\/wp\/v2\/pages\/26\/revisions\/4472"}],"wp:attachment":[{"href":"https:\/\/www.lustipidu.ee\/index.php?rest_route=%2Fwp%2Fv2%2Fmedia&parent=26"}],"curies":[{"name":"wp","href":"https:\/\/api.w.org\/{rel}","templated":true}]}}