{"id":2,"date":"2018-11-14T20:07:15","date_gmt":"2018-11-14T18:07:15","guid":{"rendered":"http:\/\/www.rugement.ee\/lustipidu\/?page_id=2"},"modified":"2023-09-13T14:56:25","modified_gmt":"2023-09-13T11:56:25","slug":"demoleht","status":"publish","type":"page","link":"https:\/\/www.lustipidu.ee\/?page_id=2","title":{"rendered":"Peoteenus"},"content":{"rendered":"<p style=\"text-align: center;\">Sinul on m\u00f5te korraldada pidu, mis\u00a0j\u00e4\u00e4b k\u00fclalistele\u00a0pikalt ja positiivselt meelde.\u00a0Meil on lahendus kuidas seda teha.<\/p>\n<p style=\"text-align: center;\">Teeme sinu peost parima s\u00fcndmuse!<\/p>\n<h1 style=\"text-align: center;\">Peosaali rent<\/h1>\n<p style=\"text-align: center;\">Pakume v\u00f5imalust oma s\u00fcnnip\u00e4ev, pidu, pulm, peied v\u00f5i konverents korraldada meie unikaalses saalis.<\/p>\n<p style=\"text-align: center;\">Olenevalt s\u00fcndmuse iseloomust mahub meie saali kuni 150 inimest.<\/p>\n<p style=\"text-align: center;\">Kui tunned huvi, k\u00fcsi pakkumist lustipidu@gmail.com<\/p>\n<h1 style=\"text-align: center;\">Helitehniline teenindus<\/h1>\n<p style=\"text-align: center;\">Pakume professionaalse helitehnikaga heliteenindust muusikutele ja muusikakollektiividele ning tehnilist<\/p>\n<p style=\"text-align: center;\">l\u00f5ppv\u00f5imendust pidude, v\u00e4li\u00fcrituste ja s\u00fcndmuste korraldamisel.<\/p>\n<p style=\"text-align: center;\">Meie helitehnika sobib s\u00fcnnip\u00e4evade, t\u00e4htp\u00e4evade, aktuste, spordi\u00fcrituste, ettev\u00f5tete pidude ning<\/p>\n<p style=\"text-align: center;\">ansamblite ja muusikakollektiivide helindamiseks.<\/p>\n<p style=\"text-align: center;\">Kui tunned huvi, k\u00fcsi pakkumist lustipidu@gmail.com<\/p>\n<h1 style=\"text-align: center;\">Toitlustus<\/h1>\n<p style=\"text-align: center;\">Pakume teie peole toitlustust. Oleme kliendis\u00f5bralikud ja arutame soovid ja v\u00f5imalused l\u00e4bi.<\/p>\n<p style=\"text-align: center;\">Maitsev toit loob hea meeleolu!<\/p>\n<p style=\"text-align: center;\">Kui tunned huvi, k\u00fcsi pakkumist lustipidu@gmail.com<\/p>\n","protected":false},"excerpt":{"rendered":"<p>Sinul on m\u00f5te korraldada pidu, mis\u00a0j\u00e4\u00e4b k\u00fclalistele\u00a0pikalt ja positiivselt meelde.\u00a0Meil on lahendus kuidas seda teha. Teeme sinu peost parima s\u00fcndmuse! Peosaali rent Pakume v\u00f5imalust oma s\u00fcnnip\u00e4ev, pidu, pulm, peied v\u00f5i konverents korraldada meie unikaalses saalis. Olenevalt s\u00fcndmuse iseloomust mahub meie saali kuni 150 inimest. Kui tunned huvi, k\u00fcsi pakkumist lustipidu@gmail.com Helitehniline teenindus Pakume professionaalse helitehnikaga&#8230;<\/p>\n","protected":false},"author":1,"featured_media":0,"parent":0,"menu_order":0,"comment_status":"closed","ping_status":"closed","template":"","meta":{"footnotes":""},"class_list":["post-2","page","type-page","status-publish","hentry"],"_links":{"self":[{"href":"https:\/\/www.lustipidu.ee\/index.php?rest_route=\/wp\/v2\/pages\/2","targetHints":{"allow":["GET"]}}],"collection":[{"href":"https:\/\/www.lustipidu.ee\/index.php?rest_route=\/wp\/v2\/pages"}],"about":[{"href":"https:\/\/www.lustipidu.ee\/index.php?rest_route=\/wp\/v2\/types\/page"}],"author":[{"embeddable":true,"href":"https:\/\/www.lustipidu.ee\/index.php?rest_route=\/wp\/v2\/users\/1"}],"replies":[{"embeddable":true,"href":"https:\/\/www.lustipidu.ee\/index.php?rest_route=%2Fwp%2Fv2%2Fcomments&post=2"}],"version-history":[{"count":5,"href":"https:\/\/www.lustipidu.ee\/index.php?rest_route=\/wp\/v2\/pages\/2\/revisions"}],"predecessor-version":[{"id":4509,"href":"https:\/\/www.lustipidu.ee\/index.php?rest_route=\/wp\/v2\/pages\/2\/revisions\/4509"}],"wp:attachment":[{"href":"https:\/\/www.lustipidu.ee\/index.php?rest_route=%2Fwp%2Fv2%2Fmedia&parent=2"}],"curies":[{"name":"wp","href":"https:\/\/api.w.org\/{rel}","templated":true}]}}